{"id":32,"date":"2020-09-17T14:49:12","date_gmt":"2020-09-17T12:49:12","guid":{"rendered":"http:\/\/pongala.org\/?page_id=32"},"modified":"2020-09-18T13:25:52","modified_gmt":"2020-09-18T11:25:52","slug":"kassere","status":"publish","type":"page","link":"https:\/\/pongala.org\/index.php\/kassere\/","title":{"rendered":"Kass\u00e9r\u00e9"},"content":{"rendered":"\n<h1><\/h1>\n\n\n\n<p><strong>I- Pr\u00e9sentation g\u00e9n\u00e9rale<\/strong><br>&#8211; Commune de Kass\u00e9r\u00e9<br>&#8211; R\u00e9gion de la Bagou\u00e9<br>&#8211; Population : 10 828 habitants<br>&#8211; Situation: Kass\u00e9r\u00e9 est \u00e0 la fois, une commune et un chef-lieu de sous-pr\u00e9fecture.<br>La Sous-pr\u00e9fecture de Kass\u00e9r\u00e9 est situ\u00e9e dans l\u2019extr\u00eame nord de la C\u00f4te d\u2019Ivoire. Elle constitue avec les sous-pr\u00e9fectures de Baya, de Boundiali, de Ganaoni et de Siempurgo, le d\u00e9partement de Boundiali qui est le chef-lieu de la R\u00e9gion de la Bagou\u00e9. Elle couvre une superficie de 920 Km2.<br>Kass\u00e9r\u00e9 a \u00e9t\u00e9 \u00e9rig\u00e9e en commune de plein exercice en 1985 suivant la loi n\u00b0 85-1085 du 16 octobre 1985 et regroupe cinq (05) villages : Kass\u00e9r\u00e9, Blagounon, Pinvoro, Pongafr\u00e9 et Sionfan.<br>Ses villes frontali\u00e8res sont :<br>&#8211; au Nord, la Sous Pr\u00e9fecture de M\u2019Bengu\u00e9 ( 40 km de Kass\u00e9r\u00e9 )<br>&#8211; au Sud, le d\u00e9partement de Boundiali ( 54 km de Kass\u00e9r\u00e9 )<br>&#8211; \u00e0 l\u2019Ouest, le d\u00e9partement de Kouto ( 23 km de Kass\u00e9r\u00e9 )<br>&#8211; A l\u2019Est, la Sous Pr\u00e9fecture de Niofouin ( 34 km de Kass\u00e9r\u00e9<\/p>\n\n\n\n<p><strong>II- Historique<\/strong><br>La ville de Kass\u00e9r\u00e9 a \u00e9t\u00e9 cr\u00e9\u00e9e autour de 1850 par trois fr\u00e8res venus de la cit\u00e9 de Kong. Ils se sont install\u00e9s \u00e0 proximit\u00e9 d\u2019une for\u00eat gigantesque constitu\u00e9e principalement d\u2019une esp\u00e8ce d\u2019arbre appel\u00e9e en s\u00e9noufo &#8220;Kass\u00e9r\u00e9mein &#8221; ou &#8220;Kass\u00e9r\u00e9-h\u00e9&#8221;. C\u2019est donc cette esp\u00e8ce d\u2019arbre qui a donn\u00e9 son nom \u00e0 la ville de Kass\u00e9r\u00e9 par l\u00e9g\u00e8re d\u00e9formation. Kass\u00e9r\u00e9 est le chef lieu de sous pr\u00e9fecture du canton Pongala cr\u00e9e en 1934 par la circulaire du 10 octobre 1934 du Gouverneur de la Colonie de la C\u00f4te d\u2019Ivoire.<\/p>\n\n\n\n<p><strong>III- Economie<\/strong><br>Les exploitants agricoles repr\u00e9sentent plus de 60% de la population totale. Le coton et l\u2019anacarde sont les principales cultures de rente. La mangue constitue aussi une source de revenus relativement importante.<br>L\u2019oignon, l\u2019aubergine, le piment et la tomate sont les principales cultures mara\u00eech\u00e8res, sources de revenus.<br>Les principales cultures vivri\u00e8res destin\u00e9es \u00e0 l\u2019autoconsommation sont le riz et le ma\u00efs.<br>La sous-pr\u00e9fecture est couverte par trois soci\u00e9t\u00e9s de t\u00e9l\u00e9phonie mobile : ORANGE, MTN et MOOV.<\/p>\n\n\n\n<p>&#8211; Opportunit\u00e9s et secteurs porteurs<br>Kass\u00e9r\u00e9, zone propice \u00e0 :<br>&#8211; Agriculture : Grande zone productrice de cultures vivri\u00e8res \u2013 riz, ma\u00efs &#8211; et de rente \u2013 coton, anacarde, mangues, produits maraichers.<br>&#8211; Elevage : Il concerne les esp\u00e8ces suivantes : bovins, ovins, caprins. porcins et volaille<br>&#8211; Tourisme : Le potentiel touristique est l\u2019un des atouts majeurs (Collines myst\u00e9rieuses, lacs sacr\u00e9es, cultures, artisans d\u2019arts, folklore, etc.<br>&#8211; Exploitation mini\u00e8re : Pr\u00e9sence d\u2019un important filon d\u2019or<br>&#8211; Installation d\u2019officine de pharmacie. Forte population dans plus 25 villages.<br>&#8211; Banque ou autre structure de micro finances: Il existe une population nombreuse sur un territoire relativement important avec un fort potentiel de clients.<\/p>\n\n\n\n<p>Kass\u00e9r\u00e9 est une ville d\u2019avenir, avec un fort potentiel d\u2019\u00e9changes commerciaux de par sa position de ville carrefour et de ville fronti\u00e8re avec le Mali et le Burkina Faso.<\/p>\n","protected":false},"excerpt":{"rendered":"<p>I- Pr\u00e9sentation g\u00e9n\u00e9rale&#8211; Commune de Kass\u00e9r\u00e9&#8211; R\u00e9gion de la Bagou\u00e9&#8211; Population : 10 828 habitants&#8211; Situation: Kass\u00e9r\u00e9 est \u00e0 la fois, une commune et un chef-lieu de sous-pr\u00e9fecture.La Sous-pr\u00e9fecture de Kass\u00e9r\u00e9 est situ\u00e9e dans l\u2019extr\u00eame nord de la C\u00f4te d\u2019Ivoire. Elle constitue avec les sous-pr\u00e9fectures de Baya, de Boundiali, de Ganaoni et de Siempurgo, le d\u00e9partement de Boundiali qui est le chef-lieu de la R\u00e9gion de la Bagou\u00e9. Elle couvre une superficie de 920 Km2.Kass\u00e9r\u00e9 a \u00e9t\u00e9 \u00e9rig\u00e9e en commune&#8230;<\/p>\n<p class=\"read-more\"><a class=\"btn btn-default\" href=\"https:\/\/pongala.org\/index.php\/kassere\/\"> Read More<span class=\"screen-reader-text\">  Read More<\/span><\/a><\/p>\n","protected":false},"author":2,"featured_media":0,"parent":0,"menu_order":0,"comment_status":"closed","ping_status":"closed","template":"","meta":[],"yoast_head":"<!-- This site is optimized with the Yoast SEO plugin v15.3 - https:\/\/yoast.com\/wordpress\/plugins\/seo\/ -->\n<title>Kass\u00e9r\u00e9 - Pongala<\/title>\n<meta name=\"robots\" content=\"index, follow, max-snippet:-1, max-image-preview:large, max-video-preview:-1\" \/>\n<link rel=\"canonical\" href=\"https:\/\/pongala.org\/index.php\/kassere\/\" \/>\n<meta property=\"og:locale\" content=\"en_US\" \/>\n<meta property=\"og:type\" content=\"article\" \/>\n<meta property=\"og:title\" content=\"Kass\u00e9r\u00e9 - Pongala\" \/>\n<meta property=\"og:description\" content=\"I- Pr\u00e9sentation g\u00e9n\u00e9rale&#8211; Commune de Kass\u00e9r\u00e9&#8211; R\u00e9gion de la Bagou\u00e9&#8211; Population : 10 828 habitants&#8211; Situation: Kass\u00e9r\u00e9 est \u00e0 la fois, une commune et un chef-lieu de sous-pr\u00e9fecture.La Sous-pr\u00e9fecture de Kass\u00e9r\u00e9 est situ\u00e9e dans l\u2019extr\u00eame nord de la C\u00f4te d\u2019Ivoire. Elle constitue avec les sous-pr\u00e9fectures de Baya, de Boundiali, de Ganaoni et de Siempurgo, le d\u00e9partement de Boundiali qui est le chef-lieu de la R\u00e9gion de la Bagou\u00e9. Elle couvre une superficie de 920 Km2.Kass\u00e9r\u00e9 a \u00e9t\u00e9 \u00e9rig\u00e9e en commune... Read More Read More\" \/>\n<meta property=\"og:url\" content=\"https:\/\/pongala.org\/index.php\/kassere\/\" \/>\n<meta property=\"og:site_name\" content=\"Pongala\" \/>\n<meta property=\"article:modified_time\" content=\"2020-09-18T11:25:52+00:00\" \/>\n<meta name=\"twitter:card\" content=\"summary_large_image\" \/>\n<meta name=\"twitter:label1\" content=\"Written by\">\n\t<meta name=\"twitter:data1\" content=\"R\u00e9mi Diarrassouba\">\n\t<meta name=\"twitter:label2\" content=\"Est. reading time\">\n\t<meta name=\"twitter:data2\" content=\"2 minutes\">\n<script type=\"application\/ld+json\" class=\"yoast-schema-graph\">{\"@context\":\"https:\/\/schema.org\",\"@graph\":[{\"@type\":\"WebSite\",\"@id\":\"https:\/\/pongala.org\/#website\",\"url\":\"https:\/\/pongala.org\/\",\"name\":\"Pongala\",\"description\":\"Un canton pluriel\",\"potentialAction\":[{\"@type\":\"SearchAction\",\"target\":\"https:\/\/pongala.org\/?s={search_term_string}\",\"query-input\":\"required name=search_term_string\"}],\"inLanguage\":\"en-US\"},{\"@type\":\"WebPage\",\"@id\":\"https:\/\/pongala.org\/index.php\/kassere\/#webpage\",\"url\":\"https:\/\/pongala.org\/index.php\/kassere\/\",\"name\":\"Kass\\u00e9r\\u00e9 - Pongala\",\"isPartOf\":{\"@id\":\"https:\/\/pongala.org\/#website\"},\"datePublished\":\"2020-09-17T12:49:12+00:00\",\"dateModified\":\"2020-09-18T11:25:52+00:00\",\"inLanguage\":\"en-US\",\"potentialAction\":[{\"@type\":\"ReadAction\",\"target\":[\"https:\/\/pongala.org\/index.php\/kassere\/\"]}]}]}<\/script>\n<!-- \/ Yoast SEO plugin. -->","_links":{"self":[{"href":"https:\/\/pongala.org\/index.php\/wp-json\/wp\/v2\/pages\/32"}],"collection":[{"href":"https:\/\/pongala.org\/index.php\/wp-json\/wp\/v2\/pages"}],"about":[{"href":"https:\/\/pongala.org\/index.php\/wp-json\/wp\/v2\/types\/page"}],"author":[{"embeddable":true,"href":"https:\/\/pongala.org\/index.php\/wp-json\/wp\/v2\/users\/2"}],"replies":[{"embeddable":true,"href":"https:\/\/pongala.org\/index.php\/wp-json\/wp\/v2\/comments?post=32"}],"version-history":[{"count":2,"href":"https:\/\/pongala.org\/index.php\/wp-json\/wp\/v2\/pages\/32\/revisions"}],"predecessor-version":[{"id":185,"href":"https:\/\/pongala.org\/index.php\/wp-json\/wp\/v2\/pages\/32\/revisions\/185"}],"wp:attachment":[{"href":"https:\/\/pongala.org\/index.php\/wp-json\/wp\/v2\/media?parent=32"}],"curies":[{"name":"wp","href":"https:\/\/api.w.org\/{rel}","templated":true}]}}