{"id":29,"date":"2020-09-17T14:49:11","date_gmt":"2020-09-17T12:49:11","guid":{"rendered":"http:\/\/pongala.org\/?page_id=29"},"modified":"2020-09-18T18:56:52","modified_gmt":"2020-09-18T16:56:52","slug":"presentation","status":"publish","type":"page","link":"https:\/\/pongala.org\/index.php\/presentation\/","title":{"rendered":"Pr\u00e9sentation"},"content":{"rendered":"\n<p>Situ\u00e9 au nord de la C\u00f4te d&#8217;Ivoire dans le d\u00e9partement de Boundiali, le Pongala est un canton s\u00e9noufo compos\u00e9 de 17 villages.<\/p>\n","protected":false},"excerpt":{"rendered":"<p>Situ\u00e9 au nord de la C\u00f4te d&#8217;Ivoire dans le d\u00e9partement de Boundiali, le Pongala est un canton s\u00e9noufo compos\u00e9 de 17 villages.<\/p>\n","protected":false},"author":2,"featured_media":0,"parent":0,"menu_order":0,"comment_status":"closed","ping_status":"closed","template":"","meta":[],"yoast_head":"<!-- This site is optimized with the Yoast SEO plugin v15.3 - https:\/\/yoast.com\/wordpress\/plugins\/seo\/ -->\n<title>Pr\u00e9sentation - Pongala<\/title>\n<meta name=\"robots\" content=\"index, follow, max-snippet:-1, max-image-preview:large, max-video-preview:-1\" \/>\n<link rel=\"canonical\" href=\"https:\/\/pongala.org\/index.php\/presentation\/\" \/>\n<meta property=\"og:locale\" content=\"en_US\" \/>\n<meta property=\"og:type\" content=\"article\" \/>\n<meta property=\"og:title\" content=\"Pr\u00e9sentation - Pongala\" \/>\n<meta property=\"og:description\" content=\"Situ\u00e9 au nord de la C\u00f4te d&#8217;Ivoire dans le d\u00e9partement de Boundiali, le Pongala est un canton s\u00e9noufo compos\u00e9 de 17 villages.\" \/>\n<meta property=\"og:url\" content=\"https:\/\/pongala.org\/index.php\/presentation\/\" \/>\n<meta property=\"og:site_name\" content=\"Pongala\" \/>\n<meta property=\"article:modified_time\" content=\"2020-09-18T16:56:52+00:00\" \/>\n<meta name=\"twitter:card\" content=\"summary_large_image\" \/>\n<meta name=\"twitter:label1\" content=\"Written by\">\n\t<meta name=\"twitter:data1\" content=\"R\u00e9mi Diarrassouba\">\n\t<meta name=\"twitter:label2\" content=\"Est. reading time\">\n\t<meta name=\"twitter:data2\" content=\"0 minutes\">\n<script type=\"application\/ld+json\" class=\"yoast-schema-graph\">{\"@context\":\"https:\/\/schema.org\",\"@graph\":[{\"@type\":\"WebSite\",\"@id\":\"https:\/\/pongala.org\/#website\",\"url\":\"https:\/\/pongala.org\/\",\"name\":\"Pongala\",\"description\":\"Un canton pluriel\",\"potentialAction\":[{\"@type\":\"SearchAction\",\"target\":\"https:\/\/pongala.org\/?s={search_term_string}\",\"query-input\":\"required name=search_term_string\"}],\"inLanguage\":\"en-US\"},{\"@type\":\"WebPage\",\"@id\":\"https:\/\/pongala.org\/index.php\/presentation\/#webpage\",\"url\":\"https:\/\/pongala.org\/index.php\/presentation\/\",\"name\":\"Pr\\u00e9sentation - Pongala\",\"isPartOf\":{\"@id\":\"https:\/\/pongala.org\/#website\"},\"datePublished\":\"2020-09-17T12:49:11+00:00\",\"dateModified\":\"2020-09-18T16:56:52+00:00\",\"inLanguage\":\"en-US\",\"potentialAction\":[{\"@type\":\"ReadAction\",\"target\":[\"https:\/\/pongala.org\/index.php\/presentation\/\"]}]}]}<\/script>\n<!-- \/ Yoast SEO plugin. -->","_links":{"self":[{"href":"https:\/\/pongala.org\/index.php\/wp-json\/wp\/v2\/pages\/29"}],"collection":[{"href":"https:\/\/pongala.org\/index.php\/wp-json\/wp\/v2\/pages"}],"about":[{"href":"https:\/\/pongala.org\/index.php\/wp-json\/wp\/v2\/types\/page"}],"author":[{"embeddable":true,"href":"https:\/\/pongala.org\/index.php\/wp-json\/wp\/v2\/users\/2"}],"replies":[{"embeddable":true,"href":"https:\/\/pongala.org\/index.php\/wp-json\/wp\/v2\/comments?post=29"}],"version-history":[{"count":2,"href":"https:\/\/pongala.org\/index.php\/wp-json\/wp\/v2\/pages\/29\/revisions"}],"predecessor-version":[{"id":210,"href":"https:\/\/pongala.org\/index.php\/wp-json\/wp\/v2\/pages\/29\/revisions\/210"}],"wp:attachment":[{"href":"https:\/\/pongala.org\/index.php\/wp-json\/wp\/v2\/media?parent=29"}],"curies":[{"name":"wp","href":"https:\/\/api.w.org\/{rel}","templated":true}]}}